{"id":214,"date":"2025-01-03T12:21:20","date_gmt":"2025-01-03T12:21:20","guid":{"rendered":"https:\/\/andrecrespo.pt\/quadrantis\/?page_id=214"},"modified":"2025-11-18T11:15:27","modified_gmt":"2025-11-18T11:15:27","slug":"privacy-policy","status":"publish","type":"page","link":"https:\/\/www.quadrantiscapital.com\/pt\/privacy-policy\/","title":{"rendered":"Privacy Policy"},"content":{"rendered":"<div id=\"fws_69e02294c4ed1\"  data-column-margin=\"default\" data-midnight=\"dark\" data-top-percent=\"5%\" data-bottom-percent=\"5%\"  class=\"wpb_row vc_row-fluid vc_row full-width-section\"  style=\"padding-top: calc(100vw * 0.05); padding-bottom: calc(100vw * 0.05); \"><div class=\"row-bg-wrap\" data-bg-animation=\"none\" data-bg-animation-delay=\"\" data-bg-overlay=\"false\"><div class=\"inner-wrap row-bg-layer\" ><div class=\"row-bg viewport-desktop using-bg-color\"  style=\"background-color: #ffffff; \"><\/div><\/div><\/div><div class=\"row_col_wrap_12 col span_12 dark left\">\n\t<div  class=\"vc_col-sm-8 wpb_column column_container vc_column_container col no-extra-padding inherit_tablet inherit_phone\"  data-padding-pos=\"all\" data-has-bg-color=\"false\" data-bg-color=\"\" data-bg-opacity=\"1\" data-animation=\"\" data-delay=\"0\" >\n\t\t<div class=\"vc_column-inner\" >\n\t\t\t<div class=\"wpb_wrapper\">\n\t\t\t\t\n<div class=\"wpb_text_column wpb_content_element\" >\n\t<div class=\"wpb_wrapper\">\n\t\t<div class=\"wp-block-uagb-advanced-heading uagb-block-625dcecb\">\n<div class=\"wp-block-uagb-advanced-heading uagb-block-8198d4d1\">\n<p class=\"privacy-policy-p\">A presente Pol\u00edtica de Privacidade descreve as pol\u00edticas da Quadrantis Capital, Rua Soeiro Pereira Gomes, Lote 1, 7\u00ba A, Lisboa 1600-196 LISBOA, Portugal, email: <a title=\"mailto:dpo@quadrantiscapital.com\" href=\"mailto:dpo@quadrantiscapital.com\" data-outlook-id=\"fb6d5256-08db-4a38-a1fc-8a50a6ed5043\">dpo@quadrantiscapital.com<\/a>, telefone: 21 096 4915 sobre a recolha, uso e divulga\u00e7\u00e3o das suas informa\u00e7\u00f5es que recolhemos quando usa o nosso site ( https:\/\/quadrantiscapital.com\/ ). (o \u201cServi\u00e7o\u201d).<\/p>\n<p class=\"privacy-policy-p\">Poderemos alterar esta Pol\u00edtica de Privacidade a qualquer momento, sem aviso pr\u00e9vio, sendo a vers\u00e3o atualizada publicada no Servi\u00e7o. A nova Pol\u00edtica de Privacidade produzir\u00e1 efeitos 180 dias ap\u00f3s a sua publica\u00e7\u00e3o no Servi\u00e7o. O seu acesso ou utiliza\u00e7\u00e3o continuada do Servi\u00e7o ap\u00f3s esse per\u00edodo constituir\u00e1 a aceita\u00e7\u00e3o da Pol\u00edtica de Privacidade atualizada. Recomendamos, por isso, a consulta peri\u00f3dica desta p\u00e1gina.<\/p>\n<p>&nbsp;<\/p>\n<h4 class=\"privacy-policy-h2\">Informa\u00e7\u00e3o que Recolhemos:<\/h4>\n<p class=\"privacy-policy-p\">Utilizamos as informa\u00e7\u00f5es recolhidas para os seguintes fins:<\/p>\n<ol class=\"privacy-policy-ol\">\n<li>Nome<\/li>\n<li>Email<\/li>\n<li>Telem\u00f3vel<\/li>\n<li>Data de Nascimento<\/li>\n<li>Morada Profissional<\/li>\n<li>Profiss\u00e3o<\/li>\n<\/ol>\n<h4 class=\"privacy-policy-h2\">Como Utilizamos as Suas Informa\u00e7\u00f5es:<\/h4>\n<p class=\"privacy-policy-p\">Utilizamos as informa\u00e7\u00f5es recolhidas para os seguintes fins:<\/p>\n<ol class=\"privacy-policy-ol\">\n<li>Marketing \/ Promo\u00e7\u00e3o<\/li>\n<li>Recolha de feedback de clientes<\/li>\n<li>Suporte<\/li>\n<li>Gest\u00e3o administrativa<\/li>\n<li>Prote\u00e7\u00e3o do site<\/li>\n<\/ol>\n<p class=\"privacy-policy-p\">Caso pretendamos utilizar as suas informa\u00e7\u00f5es para qualquer outro fim, solicitaremos o seu consentimento espec\u00edfico. Apenas procederemos ao tratamento adicional ap\u00f3s a obten\u00e7\u00e3o desse consentimento, e apenas para os fins autorizados, salvo obriga\u00e7\u00e3o legal em contr\u00e1rio.<\/p>\n<h4 class=\"privacy-policy-h2\">Conserva\u00e7\u00e3o das Suas Informa\u00e7\u00f5es:<\/h4>\n<p class=\"privacy-policy-p\">As suas informa\u00e7\u00f5es pessoais ser\u00e3o conservadas por per\u00edodo indeterminado ou pelo tempo necess\u00e1rio para cumprir as finalidades para as quais foram recolhidas, conforme descrito nesta Pol\u00edtica de Privacidade. Poderemos conservar determinados dados por per\u00edodos mais longos, para efeitos de cumprimento de obriga\u00e7\u00f5es legais, registo e reporte, exerc\u00edcio de direitos legais, preven\u00e7\u00e3o de fraude, entre outros motivos leg\u00edtimos. As informa\u00e7\u00f5es anonimizadas ou agregadas, que n\u00e3o o identifiquem direta ou indiretamente, poder\u00e3o ser conservadas indefinidamente.<\/p>\n<h4 class=\"privacy-policy-h2\">Os Seus Direitos:<\/h4>\n<p class=\"privacy-policy-p\">Dependendo da legisla\u00e7\u00e3o aplic\u00e1vel, poder\u00e1 ter o direito de aceder e retificar ou apagar os seus dados pessoais, ou receber uma c\u00f3pia dos seus dados pessoais, restringir ou opor-se ao tratamento ativo dos seus dados, solicitar que partilhemos as suas informa\u00e7\u00f5es pessoais com outra entidade, retirar qualquer consentimento que nos tenha fornecido para processarmos os seus dados, apresentar uma reclama\u00e7\u00e3o junto de uma autoridade competente e quaisquer outros direitos que possam ser aplic\u00e1veis nos termos da lei. Para exercer estes direitos, poder\u00e1 contactar-nos atrav\u00e9s do email <a title=\"mailto:dpo@quadrantiscapital.com\" href=\"mailto:dpo@quadrantiscapital.com\" data-outlook-id=\"fb6d5256-08db-4a38-a1fc-8a50a6ed5043\">dpo@quadrantiscapital.com<\/a>. Responderemos ao seu pedido de acordo com a legisla\u00e7\u00e3o aplic\u00e1vel.<\/p>\n<p class=\"privacy-policy-p\">Note que, caso n\u00e3o autorize a recolha ou o tratamento dos dados pessoais necess\u00e1rios, ou retire o consentimento prestado, poder\u00e1 n\u00e3o ser poss\u00edvel o acesso ou utiliza\u00e7\u00e3o de determinados servi\u00e7os.<\/p>\n<h4 class=\"privacy-policy-h2\">Cookies, Etc.<\/h4>\n<p class=\"privacy-policy-p\">Para mais informa\u00e7\u00f5es sobre a forma como utilizamos cookies e outras tecnologias de rastreamento, bem como sobre as suas op\u00e7\u00f5es, consulte a nossa\u00a0<a href=\"https:\/\/quadrantiscapital.com\/wp-content\/uploads\/2025\/06\/Politica-Cookies-PT.pdf\">Pol\u00edtica de Cookies.<\/a><\/p>\n<h4 class=\"privacy-policy-h2\">Seguran\u00e7a:<\/h4>\n<p class=\"privacy-policy-p\">A seguran\u00e7a das suas informa\u00e7\u00f5es \u00e9 importante para n\u00f3s e aplicamos medidas de seguran\u00e7a razo\u00e1veis para evitar a perda, uso indevido ou acesso n\u00e3o autorizado \u00e0s suas informa\u00e7\u00f5es. No entanto, dado o risco inerente \u00e0 transmiss\u00e3o de dados na Internet, n\u00e3o podemos garantir seguran\u00e7a absoluta. Assim, qualquer transmiss\u00e3o de dados \u00e9 efetuada por sua conta e risco.<\/p>\n<h4 class=\"privacy-policy-h2\">Encarregado de Prote\u00e7\u00e3o de Dados \/ Contacto para Reclama\u00e7\u00f5es:<\/h4>\n<p class=\"privacy-policy-p\">Se tiver quaisquer quest\u00f5es ou preocupa\u00e7\u00f5es relativas ao tratamento dos seus dados,  pode contactar o nosso Respons\u00e1vel pela Prote\u00e7\u00e3o de Dados na Quadrantis Capital, Rua Soeiro Pereira Gomes, Lote 1, 7\u00ba A, email: <a title=\"mailto:dpo@quadrantiscapital.com\" href=\"mailto:dpo@quadrantiscapital.com\" data-outlook-id=\"fb6d5256-08db-4a38-a1fc-8a50a6ed5043\">dpo@quadrantiscapital.com<\/a>. Analisaremos suas preocupa\u00e7\u00f5es de acordo com a legisla\u00e7\u00e3o aplic\u00e1vel.<\/p>\n<\/div>\n<\/div>\n\t<\/div>\n<\/div>\n\n\n\n\n\t\t\t<\/div> \n\t\t<\/div>\n\t<\/div> \n\n\t<div  class=\"vc_col-sm-4 wpb_column column_container vc_column_container col no-extra-padding inherit_tablet inherit_phone\"  data-padding-pos=\"all\" data-has-bg-color=\"false\" data-bg-color=\"\" data-bg-opacity=\"1\" data-animation=\"\" data-delay=\"0\" >\n\t\t<div class=\"vc_column-inner\" >\n\t\t\t<div class=\"wpb_wrapper\">\n\t\t\t\t\n\t\t\t<\/div> \n\t\t<\/div>\n\t<\/div> \n<\/div><\/div>","protected":false},"excerpt":{"rendered":"This Privacy Policy describes the policies of Quadrantis Capital, Rua Soeiro Pereira Gomes, Lote 1, 7\u00ba A, Lisbon 1600-196 LISBOA, Portugal, email: dpo@quadrantiscapital.com, phone: 21 096 4915 on the collection,...","protected":false},"author":9,"featured_media":0,"parent":0,"menu_order":0,"comment_status":"closed","ping_status":"closed","template":"","meta":{"footnotes":""},"class_list":["post-214","page","type-page","status-publish"],"_links":{"self":[{"href":"https:\/\/www.quadrantiscapital.com\/pt\/wp-json\/wp\/v2\/pages\/214","targetHints":{"allow":["GET"]}}],"collection":[{"href":"https:\/\/www.quadrantiscapital.com\/pt\/wp-json\/wp\/v2\/pages"}],"about":[{"href":"https:\/\/www.quadrantiscapital.com\/pt\/wp-json\/wp\/v2\/types\/page"}],"author":[{"embeddable":true,"href":"https:\/\/www.quadrantiscapital.com\/pt\/wp-json\/wp\/v2\/users\/9"}],"replies":[{"embeddable":true,"href":"https:\/\/www.quadrantiscapital.com\/pt\/wp-json\/wp\/v2\/comments?post=214"}],"version-history":[{"count":0,"href":"https:\/\/www.quadrantiscapital.com\/pt\/wp-json\/wp\/v2\/pages\/214\/revisions"}],"wp:attachment":[{"href":"https:\/\/www.quadrantiscapital.com\/pt\/wp-json\/wp\/v2\/media?parent=214"}],"curies":[{"name":"wp","href":"https:\/\/api.w.org\/{rel}","templated":true}]}}