{"id":202,"date":"2025-01-03T12:11:13","date_gmt":"2025-01-03T12:11:13","guid":{"rendered":"https:\/\/andrecrespo.pt\/quadrantis\/?page_id=202"},"modified":"2025-06-06T14:23:08","modified_gmt":"2025-06-06T14:23:08","slug":"sustainability-policy","status":"publish","type":"page","link":"https:\/\/www.quadrantiscapital.com\/pt\/sustainability-policy\/","title":{"rendered":"Pol\u00edtica de Sustentabilidade"},"content":{"rendered":"<div id=\"fws_69e022656a724\"  data-column-margin=\"default\" data-midnight=\"dark\" data-top-percent=\"5%\" data-bottom-percent=\"5%\"  class=\"wpb_row vc_row-fluid vc_row full-width-section\"  style=\"padding-top: calc(100vw * 0.05); padding-bottom: calc(100vw * 0.05); \"><div class=\"row-bg-wrap\" data-bg-animation=\"none\" data-bg-animation-delay=\"\" data-bg-overlay=\"false\"><div class=\"inner-wrap row-bg-layer\" ><div class=\"row-bg viewport-desktop using-bg-color\"  style=\"background-color: #ffffff; \"><\/div><\/div><\/div><div class=\"row_col_wrap_12 col span_12 dark left\">\n\t<div  class=\"vc_col-sm-8 wpb_column column_container vc_column_container col no-extra-padding inherit_tablet inherit_phone\"  data-padding-pos=\"all\" data-has-bg-color=\"false\" data-bg-color=\"\" data-bg-opacity=\"1\" data-animation=\"\" data-delay=\"0\" >\n\t\t<div class=\"vc_column-inner\" >\n\t\t\t<div class=\"wpb_wrapper\">\n\t\t\t\t\n<div class=\"wpb_text_column wpb_content_element\" >\n\t<div class=\"wpb_wrapper\">\n\t\t<div class=\"wp-block-uagb-advanced-heading uagb-block-625dcecb\">\n<h3 class=\"uagb-heading-text\">Pol\u00edtica de Sustentabilidade<\/h3>\n<\/div>\n<p>Divulga\u00e7\u00e3o de informa\u00e7\u00f5es por parte da Quadrantis Capital, Sociedade de Capital de Risco, S.A. (LEI N\u00ba 549300VDJ1P8PR1F5I09) relativas \u00e0 Sustentabilidade.<\/p>\n<p>A informa\u00e7\u00e3o nesta p\u00e1gina descreve a abordagem da Quadrantis Capital SCR SA relativamente ao SFDR e inclui as nossas pol\u00edticas e procedimentos, divulgados de acordo com estas novas regras.<\/p>\n<p>&nbsp;<\/p>\n<h3 class=\"wp-block-heading\">Integra\u00e7\u00e3o de Riscos de Sustentabilidade<\/h3>\n<p class=\"translation-block\"><strong>Artigo 3 do Regulamento (UE) 2019\/2088<\/strong> \u2013 divulga\u00e7\u00e3o das diretrizes da entidade para a integra\u00e7\u00e3o de riscos de sustentabilidade no processo de investimento.\nOs riscos de sustentabilidade incluem, entre outros:<\/p>\n<ul class=\"wp-block-list\">\n<li class=\"translation-block\"><strong>Riscos Ambientais<\/strong>, como o impacto de eventos ambientais, por exemplo, o aumento do risco de inunda\u00e7\u00f5es nas opera\u00e7\u00f5es das empresas investidas;<\/li>\n<li class=\"translation-block\"><strong>Riscos Sociais<\/strong>, como o impacto do n\u00e3o cumprimento das leis e regulamentos contra a escravid\u00e3o ou das condi\u00e7\u00f5es de trabalho por parte das empresas participadas;<\/li>\n<li class=\"translation-block\"><strong>Riscos de Governan\u00e7a<\/strong>, como a supervis\u00e3o inadequada da gest\u00e3o das empresas em carteira.<\/li>\n<\/ul>\n<p>A\u00a0<strong><u><a title=\"\" href=\"https:\/\/quadrantiscapital.com\/wp-content\/uploads\/2025\/06\/POLITICA-DE-SUSTENTABILIDADE.pdf\">Pol\u00edtica de Sustentabilidade<\/a><\/u><\/strong>\u00a0da Quadrantis Capital fornece informa\u00e7\u00f5es sobre a integra\u00e7\u00e3o dos riscos de sustentabilidade no processo de tomada de decis\u00e3o de investimento, bem como sobre o controlo e gest\u00e3o do desenvolvimento dos projetos de investimento.<\/p>\n<p>&nbsp;<\/p>\n<h3 class=\"wp-block-heading\">N\u00e3o considera\u00e7\u00e3o dos principais impactos negativos da sustentabilidade<\/h3>\n<p class=\"translation-block\"><strong>Artigo 4<\/strong> do Regulamento (UE) 2019\/2088 \u2013 divulgar se os principais impactos negativos das decis\u00f5es de investimento ou aconselhamento sobre fatores de sustentabilidade s\u00e3o considerados como parte do processo de decis\u00e3o ou aconselhamento.<\/p>\n<p>Sem preju\u00edzo da atua\u00e7\u00e3o cuidadosa e diligente por parte da Quadrantis Capital no processo de decis\u00e3o de investimento e controlo e gest\u00e3o dos projetos de investimento, a Sociedade Gestora n\u00e3o se enquadra nos requisitos aplic\u00e1veis \u00e0s grandes entidades do mercado financeiro previstos nos par\u00e1grafos 3 e 4 do artigo 4.\u00ba do Regulamento (UE) 2019\/2088, do Parlamento Europeu e do Conselho, de 27 de novembro de 2019 (Regulamento SFDR).<\/p>\n<p>Independentemente de, tendo em conta o tipo de investimentos realizados, a informa\u00e7\u00e3o p\u00fablica dispon\u00edvel sobre mat\u00e9rias ESG (ambientais, sociais e de governan\u00e7a), nomeadamente sobre os indicadores listados no Anexo I do Regulamento Delegado (UE) 2022\/1288 da Comiss\u00e3o, de 6 de abril de 2022 (que complementa o SFDR neste \u00e2mbito), ser insuficiente e n\u00e3o permitir uma considera\u00e7\u00e3o razo\u00e1vel dos impactos negativos das decis\u00f5es de investimento com base nesses dados, tais riscos e impactos s\u00e3o j\u00e1 considerados de forma preliminar, tanto na fase de an\u00e1lise e decis\u00e3o de investimento, como posteriormente no acompanhamento da gest\u00e3o e controlo dos projetos de investimento, de acordo com a Pol\u00edtica de Sustentabilidade da Quadrantis Capital.\u00a0<strong><u><a title=\"Pol\u00edtica de Sustentabilidade\" href=\"https:\/\/quadrantiscapital.com\/wp-content\/uploads\/2025\/06\/POLITICA-DE-SUSTENTABILIDADE.pdf\">Pol\u00edtica de Sustentabilidade<\/a><\/u><\/strong>.<\/p>\n<p>Na aus\u00eancia de informa\u00e7\u00e3o p\u00fablica sistematizada, aliada ao grau ainda ao estado prematuro, estrutura e capacidade das participadas em mat\u00e9rias ESG - que, nas fases iniciais\/start-up, n\u00e3o ter\u00e3o capacidade razo\u00e1vel para fornecer informa\u00e7\u00e3o ESG estruturada em tempo \u00fatil e com conte\u00fado suficiente, para efeitos do n.\u00ba 1 do artigo 4.\u00ba do SFDR - a Quadrantis Capital entende que <strong>n\u00e3o dever\u00e1, atualmente, garantir a considera\u00e7\u00e3o detalhada dos impactos negativos das decis\u00f5es de investimento nos fatores de sustentabilidade<\/strong>, tal como recomendado no referido Anexo I \u2013 Modelo de Declara\u00e7\u00e3o dos Principais Impactos Negativos, constante do Regulamento Delegado (UE) 2022\/1288, de 6 de abril de 2022.<\/p>\n<p class=\"p1\">Sempre que as circunst\u00e2ncias anteriormente referidas se alterem e permitam outro tipo de abordagem, incluindo a prepara\u00e7\u00e3o com informa\u00e7\u00e3o sistematizada nos termos do referido Anexo I, a Quadrantis Capital disponibilizar\u00e1 essa informa\u00e7\u00e3o. Este enquadramento ser\u00e1 reavaliado periodicamente, pelo menos uma vez por ano.<\/p>\n<p>&nbsp;<\/p>\n<p><strong><u>Liga\u00e7\u00f5es Relacionadas:<\/u><\/strong><\/p>\n<ul class=\"wp-block-list\">\n<li><strong><u><a title=\"DECLARA\u00c7\u00c3O \u2013 N\u00e3o considera\u00e7\u00e3o dos impactos negativos das decis\u00f5es de investimento sobre os fatores de sustentabilidade\" href=\"https:\/\/quadrantiscapital.com\/wp-content\/uploads\/2025\/06\/SFDR-PT.pdf\">DECLARA\u00c7\u00c3O \u2013 N\u00e3o considera\u00e7\u00e3o dos impactos negativos das decis\u00f5es de investimento sobre os fatores de sustentabilidade<\/a><\/u><\/strong><strong><br \/>\n<\/strong><\/li>\n<\/ul>\n<ul class=\"wp-block-list\">\n<li><strong><u><a title=\"POL\u00cdTICA DE SUSTENTABILIDADE QUADRANTIS\" href=\"https:\/\/quadrantiscapital.com\/wp-content\/uploads\/2025\/06\/POLITICA-DE-SUSTENTABILIDADE.pdf\">POL\u00cdTICA DE SUSTENTABILIDADE QUADRANTIS<\/a><\/u><\/strong><\/li>\n<\/ul>\n<p>&nbsp;<\/p>\n<h3 class=\"wp-block-heading\">Classifica\u00e7\u00e3o dos Produtos segundo o SFDR<\/h3>\n<p class=\"translation-block\"><strong>Artigo 10 do Regulamento (UE) 2019\/2088<\/strong> \u2013 transpar\u00eancia da promo\u00e7\u00e3o de caracter\u00edsticas ambientais ou sociais e investimentos sustent\u00e1veis no pr\u00f3prio website.<\/p>\n<p>Todos os produtos geridos pela Quadrantis Capital SCR SA que se enquadram no \u00e2mbito do SFDR cumprem as condi\u00e7\u00f5es estabelecidas no Artigo 6.\u00ba do referido regulamento.<\/p>\n<p>Os riscos de sustentabilidade s\u00e3o integrados no processo de tomada de decis\u00e3o de investimento,\nem conjunto com a\u00a0<strong><u><a title=\"\" href=\"https:\/\/quadrantiscapital.com\/wp-content\/uploads\/2025\/06\/POLITICA-DE-SUSTENTABILIDADE.pdf\">Pol\u00edtica de Sustentabilidade<\/a><\/u><\/strong>\u00a0definida pela Quadrantis Capital SCR SA.<\/p>\n\t<\/div>\n<\/div>\n\n\n\n\n\t\t\t<\/div> \n\t\t<\/div>\n\t<\/div> \n\n\t<div  class=\"vc_col-sm-4 wpb_column column_container vc_column_container col no-extra-padding inherit_tablet inherit_phone\"  data-padding-pos=\"all\" data-has-bg-color=\"false\" data-bg-color=\"\" data-bg-opacity=\"1\" data-animation=\"\" data-delay=\"0\" >\n\t\t<div class=\"vc_column-inner\" >\n\t\t\t<div class=\"wpb_wrapper\">\n\t\t\t\t\n\t\t\t<\/div> \n\t\t<\/div>\n\t<\/div> \n<\/div><\/div>","protected":false},"excerpt":{"rendered":"Sustainability Policy Disclosure of Information by Quadrantis Capital, Sociedade de Capital de Risco, S.A. (LEI No. 549300VDJ1P8PR1F5I09) related to Sustainability. The information on this page describes Quadrantis Capital SCR SA\u2019s...","protected":false},"author":9,"featured_media":0,"parent":0,"menu_order":0,"comment_status":"closed","ping_status":"closed","template":"","meta":{"footnotes":""},"class_list":["post-202","page","type-page","status-publish"],"_links":{"self":[{"href":"https:\/\/www.quadrantiscapital.com\/pt\/wp-json\/wp\/v2\/pages\/202","targetHints":{"allow":["GET"]}}],"collection":[{"href":"https:\/\/www.quadrantiscapital.com\/pt\/wp-json\/wp\/v2\/pages"}],"about":[{"href":"https:\/\/www.quadrantiscapital.com\/pt\/wp-json\/wp\/v2\/types\/page"}],"author":[{"embeddable":true,"href":"https:\/\/www.quadrantiscapital.com\/pt\/wp-json\/wp\/v2\/users\/9"}],"replies":[{"embeddable":true,"href":"https:\/\/www.quadrantiscapital.com\/pt\/wp-json\/wp\/v2\/comments?post=202"}],"version-history":[{"count":0,"href":"https:\/\/www.quadrantiscapital.com\/pt\/wp-json\/wp\/v2\/pages\/202\/revisions"}],"wp:attachment":[{"href":"https:\/\/www.quadrantiscapital.com\/pt\/wp-json\/wp\/v2\/media?parent=202"}],"curies":[{"name":"wp","href":"https:\/\/api.w.org\/{rel}","templated":true}]}}