{"id":102,"date":"2024-12-18T11:39:09","date_gmt":"2024-12-18T11:39:09","guid":{"rendered":"https:\/\/andrecrespo.pt\/quadrantis\/?page_id=102"},"modified":"2025-11-20T22:54:52","modified_gmt":"2025-11-20T22:54:52","slug":"team","status":"publish","type":"page","link":"https:\/\/www.quadrantiscapital.com\/pt\/team\/","title":{"rendered":"Equipa"},"content":{"rendered":"<div id=\"fws_69e0225f508ef\"  data-column-margin=\"default\" data-midnight=\"dark\" data-top-percent=\"5%\" data-bottom-percent=\"5%\"  class=\"wpb_row vc_row-fluid vc_row full-width-content vc_row-o-equal-height vc_row-flex\"  style=\"padding-top: calc(100vw * 0.05); padding-bottom: calc(100vw * 0.05); \"><div class=\"row-bg-wrap\" data-bg-animation=\"none\" data-bg-animation-delay=\"\" data-bg-overlay=\"false\"><div class=\"inner-wrap row-bg-layer\" ><div class=\"row-bg viewport-desktop using-bg-color\"  style=\"background-color: #ffffff; \"><\/div><\/div><\/div><div class=\"row_col_wrap_12 col span_12 dark left\">\n\t<div style=\" color: #000000;\" class=\"vc_col-sm-4 wpb_column column_container vc_column_container col padding-1-percent inherit_tablet inherit_phone\" data-cfc=\"true\"  data-padding-pos=\"all\" data-has-bg-color=\"false\" data-bg-color=\"\" data-bg-opacity=\"1\" data-animation=\"\" data-delay=\"0\" >\n\t\t<div class=\"vc_column-inner\" >\n\t\t\t<div class=\"wpb_wrapper\">\n\t\t\t\t<div class=\"nectar-fancy-box using-img  hover_o_opacity_0-9 o_opacity_0-9 hover_color_131313\" style=\"min-height: 610px\" data-style=\"hover_desc\" data-border-radius=\"10px\" data-animation=\"\" data-bg-animation=\"none\" data-border=\"\" data-delay=\"\" data-alignment=\"left\" data-color=\"extra-color-2\" ><div class=\"box-bg\"  style=\"background-image: url('https:\/\/www.quadrantiscapital.com\/wp-content\/uploads\/2025\/01\/joao.png'); \"><\/div><div class=\"inner\"><div class=\"heading-wrap\"><i class=\"icon-default-style fa fa-envelope\" data-color=\"accent-color\" style=\"font-size: 16pxpx!important; line-height: 16pxpx!important;\"><\/i><\/div><div class=\"hover-content\">Partner<br \/>\nJo\u00e3o Koehler \u00e9 um empres\u00e1rio de sucesso com mais de 15 anos de experi\u00eancia, especializado em fus\u00f5es e aquisi\u00e7\u00f5es (M&amp;A) nos setores industrial e tecnol\u00f3gico, tendo alcan\u00e7ado exits bem-sucedidas. Possui um s\u00f3lido hist\u00f3rico em private equity, nomeadamente em opera\u00e7\u00f5es de d\u00edvida, tendo servido no comit\u00e9 de investimento de v\u00e1rios fundos de private equity. Jo\u00e3o tamb\u00e9m fundou a Growth Partners Capital e atualmente \u00e9 o Presidente do Conselho de Adminstra\u00e7\u00e3o da Quadrantis Capital.<\/div><\/div>  <a  href=\"mailto:geral@quadrantiscapital.com\" class=\"box-link\"><\/a> <\/div>\n\t\t\t<\/div> \n\t\t<\/div>\n\t<\/div> \n\n\t<div  class=\"vc_col-sm-4 wpb_column column_container vc_column_container col padding-1-percent inherit_tablet inherit_phone\"  data-padding-pos=\"all\" data-has-bg-color=\"false\" data-bg-color=\"\" data-bg-opacity=\"1\" data-animation=\"\" data-delay=\"0\" >\n\t\t<div class=\"vc_column-inner\" >\n\t\t\t<div class=\"wpb_wrapper\">\n\t\t\t\t<div class=\"nectar-fancy-box using-img  hover_o_opacity_0-9 o_opacity_0-9 hover_color_131313\" style=\"min-height: 610px\" data-style=\"hover_desc\" data-border-radius=\"10px\" data-animation=\"\" data-bg-animation=\"none\" data-border=\"\" data-delay=\"\" data-alignment=\"left\" data-color=\"extra-color-2\" ><div class=\"box-bg\"  style=\"background-image: url('https:\/\/www.quadrantiscapital.com\/wp-content\/uploads\/2025\/01\/jd.png'); \"><\/div><div class=\"inner\"><div class=\"heading-wrap\"><i class=\"icon-default-style fa fa-envelope\" data-color=\"accent-color\" style=\"font-size: 16pxpx!important; line-height: 16pxpx!important;\"><\/i><\/div><div class=\"hover-content\">Partner<br \/>\nPedro Rosas \u00e9 um empres\u00e1rio com mais de 25 anos de experi\u00eancia nos setores de alta joalharia, imobili\u00e1rio e hospitality. Proveniente de uma linhagem prestigiada de ourives, a quinta gera\u00e7\u00e3o de uma fam\u00edlia profundamente enraizada na arte da ourivesaria, o que lhe proporcionou uma compreens\u00e3o inata do luxo, da tradi\u00e7\u00e3o e da qualidade.<\/div><\/div>  <a  href=\"mailto:geral@quadrantiscapital.com\" class=\"box-link\"><\/a> <\/div>\n\t\t\t<\/div> \n\t\t<\/div>\n\t<\/div> \n\n\t<div  class=\"vc_col-sm-4 wpb_column column_container vc_column_container col padding-1-percent inherit_tablet inherit_phone\"  data-padding-pos=\"all\" data-has-bg-color=\"false\" data-bg-color=\"\" data-bg-opacity=\"1\" data-animation=\"\" data-delay=\"0\" >\n\t\t<div class=\"vc_column-inner\" >\n\t\t\t<div class=\"wpb_wrapper\">\n\t\t\t\t<div class=\"nectar-fancy-box using-img  hover_o_opacity_0-9 o_opacity_0-9 hover_color_131313\" style=\"min-height: 610px\" data-style=\"hover_desc\" data-border-radius=\"10px\" data-animation=\"\" data-bg-animation=\"none\" data-border=\"\" data-delay=\"\" data-alignment=\"left\" data-color=\"extra-color-2\" ><div class=\"box-bg\"  style=\"background-image: url('https:\/\/www.quadrantiscapital.com\/wp-content\/uploads\/2025\/01\/paulo.png'); \"><\/div><div class=\"inner\"><div class=\"heading-wrap\"><i class=\"icon-default-style fa fa-envelope\" data-color=\"accent-color\" style=\"font-size: 16pxpx!important; line-height: 16pxpx!important;\"><\/i><\/div><div class=\"hover-content\">Conselheiro da Administra\u00e7\u00e3o<br \/>\nPaulo Caetano \u00e9 um investidor experiente com um s\u00f3lido hist\u00f3rico ao longo de mais de 30 anos. A sua especializa\u00e7\u00e3o cobre um amplo espectro de tipologias de investimento, incluindo capital de risco (VC), fus\u00f5es e aquisi\u00e7\u00f5es (M&amp;A) e fundos de infraestrutura, tanto a n\u00edvel nacional como internacional.<\/div><\/div>  <a  href=\"mailto:geral@quadrantiscapital.com\" class=\"box-link\"><\/a> <\/div>\n\t\t\t<\/div> \n\t\t<\/div>\n\t<\/div> \n<\/div><\/div>","protected":false},"excerpt":{"rendered":"Partner Jo\u00e3o Koehler is an accomplished entrepreneur with over 15 years of experience specializing in mergers and acquisitions (M&amp;A) within the industrial and technological sectors, having achieved successful exits. He...","protected":false},"author":9,"featured_media":0,"parent":0,"menu_order":0,"comment_status":"closed","ping_status":"closed","template":"","meta":{"footnotes":""},"class_list":["post-102","page","type-page","status-publish"],"_links":{"self":[{"href":"https:\/\/www.quadrantiscapital.com\/pt\/wp-json\/wp\/v2\/pages\/102","targetHints":{"allow":["GET"]}}],"collection":[{"href":"https:\/\/www.quadrantiscapital.com\/pt\/wp-json\/wp\/v2\/pages"}],"about":[{"href":"https:\/\/www.quadrantiscapital.com\/pt\/wp-json\/wp\/v2\/types\/page"}],"author":[{"embeddable":true,"href":"https:\/\/www.quadrantiscapital.com\/pt\/wp-json\/wp\/v2\/users\/9"}],"replies":[{"embeddable":true,"href":"https:\/\/www.quadrantiscapital.com\/pt\/wp-json\/wp\/v2\/comments?post=102"}],"version-history":[{"count":0,"href":"https:\/\/www.quadrantiscapital.com\/pt\/wp-json\/wp\/v2\/pages\/102\/revisions"}],"wp:attachment":[{"href":"https:\/\/www.quadrantiscapital.com\/pt\/wp-json\/wp\/v2\/media?parent=102"}],"curies":[{"name":"wp","href":"https:\/\/api.w.org\/{rel}","templated":true}]}}